{"id":9,"date":"2026-04-30T19:11:20","date_gmt":"2026-04-30T19:11:20","guid":{"rendered":"https:\/\/www.simple-annuaire.fr\/?page_id=9"},"modified":"2026-04-30T19:11:20","modified_gmt":"2026-04-30T19:11:20","slug":"home","status":"publish","type":"page","link":"https:\/\/www.simple-annuaire.fr\/","title":{"rendered":"Home"},"content":{"rendered":"\n<h2 class=\"wp-block-heading\">Simple annuaire de pr\u00e9sentation des meilleurs sites du web<\/h2>\n\n\n\n<p>Simple annuaire est un site qui pr\u00e9sente la meilleur s\u00e9lection des sites du web de forme g\u00e9n\u00e9raliste. En effet si vous arrivez sur Simple annuaire c&#8217;est que vous \u00eates \u00e0 la recherche d&#8217;un site d&#8217;information, un blog ou bien une boutique en ligne. Pour d\u00e9nicher le site qu&#8217;il vous faut parcourrez nos cat\u00e9gories ou utilisez notre moteur de recherche optimis\u00e9 pour d\u00e9couvrir la perle du web.<\/p>\n\n\n\n<h2 class=\"wp-block-heading\">Annuaire de pr\u00e9sentation de votre site<\/h2>\n\n\n\n<p>Simple annuaire de pr\u00e9sentation des meilleurs sites du web<\/p>\n\n\n\n<p>Simple annuaire est un site qui pr\u00e9sente la meilleur s\u00e9lection des sites du web de forme g\u00e9n\u00e9raliste. En effet si vous arrivez sur Simple annuaire c&#8217;est que vous \u00eates \u00e0 la recherche d&#8217;un site d&#8217;information, un blog ou bien une boutique en ligne. Pour d\u00e9nicher le site qu&#8217;il vous faut parcourrez nos cat\u00e9gories ou utilisez notre moteur de recherche optimis\u00e9 pour d\u00e9couvrir la perle du web.<\/p>\n\n\n\n<h2 class=\"wp-block-heading\">Annuaire de pr\u00e9sentation de votre site<\/h2>\n\n\n\n<p>Nous d\u00e9nichons les meilleurs sites du web en parcourant inernet r\u00e9gul\u00e8rement c&#8217;est pourquoi nous avons s\u00e9lectionn\u00e9 derni\u00e8rement un site de Spa gonflable Alice\u2019s Garden Alpine 4 pour cette saison. En effet vu les beaux jours qui arrivent c&#8217;est sympa d&#8217;avoir un Spa sur sa terrase.<\/p>\n\n\n\n<p>Vous \u00eates webmaster, blogger ? Simple annuaire laisse la possibilit\u00e9 de faire la pr\u00e9sentation de votre site. Vous souhaitez am\u00e9liorer la notori\u00e9t\u00e9 de votre site en publiant sur Simple annuaire ? et bien rendez vous sur la page soumettre et respectant bien les conditions de l&#8217;annuaire de r\u00e9f\u00e9rencement Simple..<\/p>\n\n\n\n<p><\/p>\n","protected":false},"excerpt":{"rendered":"<p>Simple annuaire de pr\u00e9sentation des meilleurs sites du web Simple annuaire est un site qui pr\u00e9sente la meilleur s\u00e9lection des sites du web de forme g\u00e9n\u00e9raliste. En effet si vous arrivez sur Simple annuaire c&#8217;est que vous \u00eates \u00e0 la recherche d&#8217;un site d&#8217;information, un blog ou bien une boutique en ligne. Pour d\u00e9nicher le [&hellip;]<\/p>\n","protected":false},"author":1,"featured_media":0,"parent":0,"menu_order":0,"comment_status":"closed","ping_status":"closed","template":"","meta":{"footnotes":""},"class_list":["post-9","page","type-page","status-publish","hentry"],"_links":{"self":[{"href":"https:\/\/www.simple-annuaire.fr\/index.php?rest_route=\/wp\/v2\/pages\/9","targetHints":{"allow":["GET"]}}],"collection":[{"href":"https:\/\/www.simple-annuaire.fr\/index.php?rest_route=\/wp\/v2\/pages"}],"about":[{"href":"https:\/\/www.simple-annuaire.fr\/index.php?rest_route=\/wp\/v2\/types\/page"}],"author":[{"embeddable":true,"href":"https:\/\/www.simple-annuaire.fr\/index.php?rest_route=\/wp\/v2\/users\/1"}],"replies":[{"embeddable":true,"href":"https:\/\/www.simple-annuaire.fr\/index.php?rest_route=%2Fwp%2Fv2%2Fcomments&post=9"}],"version-history":[{"count":1,"href":"https:\/\/www.simple-annuaire.fr\/index.php?rest_route=\/wp\/v2\/pages\/9\/revisions"}],"predecessor-version":[{"id":10,"href":"https:\/\/www.simple-annuaire.fr\/index.php?rest_route=\/wp\/v2\/pages\/9\/revisions\/10"}],"wp:attachment":[{"href":"https:\/\/www.simple-annuaire.fr\/index.php?rest_route=%2Fwp%2Fv2%2Fmedia&parent=9"}],"curies":[{"name":"wp","href":"https:\/\/api.w.org\/{rel}","templated":true}]}}